{"id":16,"date":"2019-03-17T14:04:01","date_gmt":"2019-03-17T14:04:01","guid":{"rendered":"https:\/\/wordpress.seitenbox.de\/?page_id=16"},"modified":"2020-11-20T11:27:02","modified_gmt":"2020-11-20T11:27:02","slug":"home","status":"publish","type":"page","link":"https:\/\/wordpress.seitenbox.de\/","title":{"rendered":"Home"},"content":{"rendered":"\r\n<h1><span style=\"color: #339966;\"><em><strong>WordPress, das weltweit am meisten genutzte System zur Erstellung und Bearbeitung von Webseiten jetzt zum Vorteilspreis sichern! <\/strong><\/em><\/span><\/h1>\r\n\r\n\r\n\r\n<p>Eigene Webseite inkl. Domain mit WordPress CMS zur einfachen Pflege Ihrer Inhalte jetzt statt <del>1599<\/del>,- \u20ac <strong>einmalig\u00a0 ab nur 599,- \u20ac . 1 Jahr inkl. aller Kosten<\/strong>. Danach und nur bei Gefallen f\u00fcr g\u00fcnstige 14,99 \u20ac \/ Monat weiter nutzen &#8211; inkl. Support, Domainkosten und WordPress CMS. Keine weiteren Agenturkosten.<\/p>\r\n<figure id=\"attachment_321\" aria-describedby=\"caption-attachment-321\" style=\"width: 300px\" class=\"wp-caption alignright\"><a href=\"https:\/\/www.teamviewer.com\/de\/automatischer-download-von-teamviewer\/\"><img loading=\"lazy\" class=\"wp-image-321 size-full\" title=\"Fernwartung \u00fcber Teamviewer\" src=\"https:\/\/wordpress.seitenbox.de\/wp-content\/uploads\/2020\/11\/TV-1.png\" alt=\"Fernwartung \u00fcber Teamviewer\" width=\"300\" height=\"68\" \/><\/a><figcaption id=\"caption-attachment-321\" class=\"wp-caption-text\">Fernwartung \u00fcber Teamviewer<\/figcaption><\/figure>\r\n<p>\r\n\r\n<\/p>\r\n<p>Standartm\u00e4\u00dfig mit folgenden Features: ger\u00fcstet f\u00fcr alle Endger\u00e4te und Google optimiert durch responsive WebDesign, sichere Daten\u00fcbertragung durch SSL Verschl\u00fcsselung (https:\/\/) , kostenlose Telefonhotline &#8211; <strong>0800 0000423<\/strong><\/p>\r\n<p>E-Mail Anfrage an <a href=\"mailto:hallo@seitenbox.de\">hallo@seitenbox.de<\/a><\/p>\r\n<p>Unsere Agentur realisiert vom durchgestylten One-Pager bis zur funktionalen Konzern-Website Projekte mit sehr unterschiedlichem Umfang. Wir haben u.a. mit folgenden Kunden erfolgreich zusammengearbeitet:<\/p>\r\n<div style=\"text-align: center;\"><\/div>\r\n<p>\r\n\r\n<\/p>\n<div class='content-column one_fourth'><img loading=\"lazy\" class=\"size-full wp-image-7 aligncenter\" src=\"https:\/\/wordpress.seitenbox.de\/wp-content\/uploads\/2019\/03\/544823aa-fadc-412a-b0d4-6aba57e62c34.png\" alt=\"\" width=\"225\" height=\"149\" \/><\/p>\n<p>Schnell und unkompliziert zur eigenen Website Sie suchen einen professionellen Internet\u00adauftritt, der jederzeit leicht anzupassen ist? Dann sind wir der richtige Partner f\u00fcr Sie. Wir zeigen Ihnen, wie Sie in nur vier Schritten Ihren eigenen Internetauftritt bekommen.<\/div>\n<p>\n\r\n\r\n<\/p>\n<div class='content-column one_fourth'><img loading=\"lazy\" class=\"size-full wp-image-8 aligncenter\" src=\"https:\/\/wordpress.seitenbox.de\/wp-content\/uploads\/2019\/03\/54481fbc-a2b8-42dc-be0e-469457e62c34.png\" alt=\"\" width=\"225\" height=\"149\" \/><\/p>\n<p>Pers\u00f6nliche Ansprechpartner, keine Warteschleife Bei uns wird Kundenservice gro\u00df geschrieben. Wir beraten Sie zu Gestaltung &amp; Design, Texten &amp; Fotos \u2013 wir finden eine L\u00f6sung. Und nat\u00fcrlich h\u00e4lt unser Newsletter Sie \u00fcber alle Themen rund um das Internet auf dem Laufenden<\/div>\n<p>\n\r\n\r\n<\/p>\n<div class='content-column one_fourth'><img loading=\"lazy\" class=\"size-full wp-image-9 aligncenter\" src=\"https:\/\/wordpress.seitenbox.de\/wp-content\/uploads\/2019\/03\/544822d2-1ccc-4331-9d00-639a57e62c34.png\" alt=\"\" width=\"225\" height=\"149\" \/><\/p>\n<p>Individuelles System zur einfachen Pflege Ihrer Website Mit unserem System (CMS) k\u00f6nnen auch EDV-Einsteiger m\u00fchelos und spielend leicht ihren Internetauftritt selbst bearbeiten. Fehlt Ihnen ein Modul, bauen wir es ein und stellen es Ihnen zur Verf\u00fcgung. Sie gestalten das System mit!<\/div>\n<div class='content-column one_fourth last_column'><img loading=\"lazy\" class=\"size-full wp-image-10 aligncenter\" src=\"https:\/\/wordpress.seitenbox.de\/wp-content\/uploads\/2019\/03\/544822ad-590c-4f5b-8ed2-635c57e62c34.png\" alt=\"\" width=\"225\" height=\"149\" \/><\/p>\n<p>Perfekt f\u00fcr KMUs, Freiberufler &amp; Existenzgr\u00fcnder! Mit Ihrem neuen Internetauftritt erh\u00f6hen Sie Ihre Gesch\u00e4ftschancen erheblich. Kosten f\u00fcr Einrichtung und Betrieb sind so kalkuliert, dass diese auch im Budget von kleinen Unternehmen liegen. Starten Sie durch!<\/div><div class='clear_column'><\/div>\n<p>\n<\/p>\r\n<p>&nbsp;<\/p>","protected":false},"excerpt":{"rendered":"<p>WordPress, das weltweit am meisten genutzte System zur Erstellung und Bearbeitung von Webseiten jetzt zum Vorteilspreis sichern! Eigene Webseite inkl. Domain mit WordPress CMS zur einfachen Pflege Ihrer Inhalte jetzt statt 1599,- \u20ac einmalig\u00a0 ab nur 599,- \u20ac . 1 Jahr inkl. aller Kosten. Danach und nur bei Gefallen f\u00fcr g\u00fcnstige 14,99 \u20ac \/ Monat &#8230; <a title=\"Home\" class=\"read-more\" href=\"https:\/\/wordpress.seitenbox.de\/\" aria-label=\"Mehr bei Home\">Weiterlesen &#8230;<\/a><\/p>\n","protected":false},"author":1,"featured_media":0,"parent":0,"menu_order":0,"comment_status":"closed","ping_status":"closed","template":"","meta":{"site-sidebar-layout":"default","site-content-layout":"default","ast-global-header-display":"","ast-banner-title-visibility":"","ast-main-header-display":"","ast-hfb-above-header-display":"","ast-hfb-below-header-display":"","ast-hfb-mobile-header-display":"","site-post-title":"","ast-breadcrumbs-content":"","ast-featured-img":"","footer-sml-layout":"","theme-transparent-header-meta":"default","adv-header-id-meta":"","stick-header-meta":"default","header-above-stick-meta":"","header-main-stick-meta":"","header-below-stick-meta":""},"_links":{"self":[{"href":"https:\/\/wordpress.seitenbox.de\/index.php?rest_route=\/wp\/v2\/pages\/16"}],"collection":[{"href":"https:\/\/wordpress.seitenbox.de\/index.php?rest_route=\/wp\/v2\/pages"}],"about":[{"href":"https:\/\/wordpress.seitenbox.de\/index.php?rest_route=\/wp\/v2\/types\/page"}],"author":[{"embeddable":true,"href":"https:\/\/wordpress.seitenbox.de\/index.php?rest_route=\/wp\/v2\/users\/1"}],"replies":[{"embeddable":true,"href":"https:\/\/wordpress.seitenbox.de\/index.php?rest_route=%2Fwp%2Fv2%2Fcomments&post=16"}],"version-history":[{"count":29,"href":"https:\/\/wordpress.seitenbox.de\/index.php?rest_route=\/wp\/v2\/pages\/16\/revisions"}],"predecessor-version":[{"id":344,"href":"https:\/\/wordpress.seitenbox.de\/index.php?rest_route=\/wp\/v2\/pages\/16\/revisions\/344"}],"wp:attachment":[{"href":"https:\/\/wordpress.seitenbox.de\/index.php?rest_route=%2Fwp%2Fv2%2Fmedia&parent=16"}],"curies":[{"name":"wp","href":"https:\/\/api.w.org\/{rel}","templated":true}]}}