{"id":20,"date":"2019-03-17T14:07:27","date_gmt":"2019-03-17T14:07:27","guid":{"rendered":"https:\/\/wordpress.seitenbox.de\/?page_id=20"},"modified":"2019-04-03T12:53:19","modified_gmt":"2019-04-03T12:53:19","slug":"wordpress","status":"publish","type":"page","link":"https:\/\/wordpress.seitenbox.de\/?page_id=20","title":{"rendered":"WordPress"},"content":{"rendered":"\r\n<p><img loading=\"lazy\" class=\" wp-image-24 alignright\" src=\"https:\/\/wordpress.seitenbox.de\/wp-content\/uploads\/2019\/03\/wordpress-development-2544896_1920-300x128.png\" alt=\"\" width=\"401\" height=\"171\" srcset=\"https:\/\/wordpress.seitenbox.de\/wp-content\/uploads\/2019\/03\/wordpress-development-2544896_1920-300x128.png 300w, https:\/\/wordpress.seitenbox.de\/wp-content\/uploads\/2019\/03\/wordpress-development-2544896_1920-600x257.png 600w, https:\/\/wordpress.seitenbox.de\/wp-content\/uploads\/2019\/03\/wordpress-development-2544896_1920-768x329.png 768w, https:\/\/wordpress.seitenbox.de\/wp-content\/uploads\/2019\/03\/wordpress-development-2544896_1920-1024x438.png 1024w, https:\/\/wordpress.seitenbox.de\/wp-content\/uploads\/2019\/03\/wordpress-development-2544896_1920.png 1920w\" sizes=\"(max-width: 401px) 100vw, 401px\" \/>Im Gegensatz zu den meisten Open-Source-CMS (CMS=System zur Bearbeitung der Inhalte des Internetauftrittes) ist WordPress f\u00fcr EDV-Laien und Unternehmer mit wenig Zeit konzipiert. Und wenn wir schreiben &#8222;Sie brauchen keine HTML-Kenntnisse&#8220;, dann meinen wir das auch so. Sie ben\u00f6tigen keine &#8222;Zwischen-Agentur&#8220;, die Ihnen das System erst einmal anlegt. Wir erledigen alles f\u00fcr Sie.<\/p>\r\n\r\n\r\n\r\n<p>WordPress ist intuitiv, leicht erlernbar und sofort anwendbar.<\/p>\r\n\r\n\r\n\r\n<p>Es ist auf sehr einfache Weise zu bedienen, alles ist in einer Sprache erl\u00e4utert, die auch Nicht-EDVler verstehen. Sie sehen im Hintergrund IMMER Ihren Internetauftritt, so dass Sie zu jeder Zeit wissen, wo Sie sich befinden und wie Ihre \u00c4nderungen aussehen.<\/p>\r\n\r\n\r\n\r\n<p>Und das Beste: Sie bestimmen mit. WordPress w\u00e4chst mit den W\u00fcnschen und Ideen unserer Kunden weiter &#8211; jeder kann seine Ideen einbringen, die dann als neues Feature, nat\u00fcrlich kostenlos, programmiert werden.<\/p>\r\n\r\n\r\n\r\n<h3>\u00dcbersichtliche Bedienung und Funktionen<\/h3>\r\n\r\n\r\n\r\n<p>Wir wollen Sie nicht mit einem Wirrwarr technischer Begriffe und unz\u00e4hliger Optionen verwirren. Wir haben die Technik f\u00fcr Sie gestaltet, Sie k\u00f6nnen sich um Ihr Tagesgesch\u00e4ft k\u00fcmmern. Funktionen begrenzen wir auf das Wesentliche. Werkzeuge, die Tag f\u00fcr Tag benutzt werden, m\u00fcssen einfach sein. Schnell. Und intuitiv bedienbar, denn Sie haben nicht viel Zeit.<\/p>\r\n","protected":false},"excerpt":{"rendered":"<p>Im Gegensatz zu den meisten Open-Source-CMS (CMS=System zur Bearbeitung der Inhalte des Internetauftrittes) ist WordPress f\u00fcr EDV-Laien und Unternehmer mit wenig Zeit konzipiert. Und wenn wir schreiben &#8222;Sie brauchen keine HTML-Kenntnisse&#8220;, dann meinen wir das auch so. Sie ben\u00f6tigen keine &#8222;Zwischen-Agentur&#8220;, die Ihnen das System erst einmal anlegt. Wir erledigen alles f\u00fcr Sie. WordPress ist &#8230; <a title=\"WordPress\" class=\"read-more\" href=\"https:\/\/wordpress.seitenbox.de\/?page_id=20\" aria-label=\"Mehr bei WordPress\">Weiterlesen &#8230;<\/a><\/p>\n","protected":false},"author":1,"featured_media":0,"parent":0,"menu_order":0,"comment_status":"closed","ping_status":"closed","template":"","meta":{"site-sidebar-layout":"default","site-content-layout":"default","ast-global-header-display":"","ast-banner-title-visibility":"","ast-main-header-display":"","ast-hfb-above-header-display":"","ast-hfb-below-header-display":"","ast-hfb-mobile-header-display":"","site-post-title":"","ast-breadcrumbs-content":"","ast-featured-img":"","footer-sml-layout":"","theme-transparent-header-meta":"","adv-header-id-meta":"","stick-header-meta":"","header-above-stick-meta":"","header-main-stick-meta":"","header-below-stick-meta":""},"_links":{"self":[{"href":"https:\/\/wordpress.seitenbox.de\/index.php?rest_route=\/wp\/v2\/pages\/20"}],"collection":[{"href":"https:\/\/wordpress.seitenbox.de\/index.php?rest_route=\/wp\/v2\/pages"}],"about":[{"href":"https:\/\/wordpress.seitenbox.de\/index.php?rest_route=\/wp\/v2\/types\/page"}],"author":[{"embeddable":true,"href":"https:\/\/wordpress.seitenbox.de\/index.php?rest_route=\/wp\/v2\/users\/1"}],"replies":[{"embeddable":true,"href":"https:\/\/wordpress.seitenbox.de\/index.php?rest_route=%2Fwp%2Fv2%2Fcomments&post=20"}],"version-history":[{"count":2,"href":"https:\/\/wordpress.seitenbox.de\/index.php?rest_route=\/wp\/v2\/pages\/20\/revisions"}],"predecessor-version":[{"id":140,"href":"https:\/\/wordpress.seitenbox.de\/index.php?rest_route=\/wp\/v2\/pages\/20\/revisions\/140"}],"wp:attachment":[{"href":"https:\/\/wordpress.seitenbox.de\/index.php?rest_route=%2Fwp%2Fv2%2Fmedia&parent=20"}],"curies":[{"name":"wp","href":"https:\/\/api.w.org\/{rel}","templated":true}]}}