{"id":22,"date":"2019-03-17T14:12:06","date_gmt":"2019-03-17T14:12:06","guid":{"rendered":"https:\/\/wordpress.seitenbox.de\/?page_id=22"},"modified":"2019-05-15T15:52:39","modified_gmt":"2019-05-15T15:52:39","slug":"der-unterschied","status":"publish","type":"page","link":"https:\/\/wordpress.seitenbox.de\/?page_id=22","title":{"rendered":"Der Unterschied"},"content":{"rendered":"\n<p><img loading=\"lazy\" class=\" wp-image-147 alignright\" src=\"https:\/\/wordpress.seitenbox.de\/wp-content\/uploads\/2019\/04\/ipad-820272_1920-1024x683.jpg\" alt=\"\" width=\"401\" height=\"267\" srcset=\"https:\/\/wordpress.seitenbox.de\/wp-content\/uploads\/2019\/04\/ipad-820272_1920-1024x683.jpg 1024w, https:\/\/wordpress.seitenbox.de\/wp-content\/uploads\/2019\/04\/ipad-820272_1920-600x400.jpg 600w, https:\/\/wordpress.seitenbox.de\/wp-content\/uploads\/2019\/04\/ipad-820272_1920-300x200.jpg 300w, https:\/\/wordpress.seitenbox.de\/wp-content\/uploads\/2019\/04\/ipad-820272_1920-768x512.jpg 768w, https:\/\/wordpress.seitenbox.de\/wp-content\/uploads\/2019\/04\/ipad-820272_1920.jpg 1920w\" sizes=\"(max-width: 401px) 100vw, 401px\" \/>Wir sehen uns L\u00fccke zwischen den \u201cnormalen\u201d Agenturen (die sich ein kleines Unternehmen oftmals nicht leisten kann), den Internetseiten-Bauk\u00e4sten (die nicht wirklich flexibel sind) und den freiberuflich t\u00e4tigen Webdesigner (die leider im sich immer schnelleren Medium Internet nicht in allen Bereichen Experten-Kenntnisse aufbauen k\u00f6nnen).<\/p>\n\n\n\n<p>Wir sind haupts\u00e4chlich f\u00fcr kleine und mittlere Unternehmen, Freiberufler sowie Existenzgr\u00fcnder gedacht, die wenig EDV -Kenntnisse haben oder einfach keine Zeit und Lust, sich mit zu komplexen Systemen zu besch\u00e4ftigen.<\/p>\n\n\n\n<p>Und das Beste: WordPress w\u00e4chst mit den Bed\u00fcrfnissen unserer Kunden stetig weiter: wird ein Feature vermisst, kann der Kunde, der sich dieses w\u00fcnscht, entscheiden, wie es aussehen und funktionieren soll. Und nach der Entwicklung stellen wir es allen anderen Kunden auch zur Verf\u00fcgung. Nat\u00fcrlich kostenlos.<\/p>\n\n\n\n<p>Wir wollen uns durch den freundlichen, offenen und pers\u00f6nlichen Kontakt zu unseren Kunden und durch unsere Kompetenz von anderen abheben. Testen Sie uns doch einfach v\u00f6llig unverbindlich.<\/p>\n\n\n\n<h3>Kompetente Beratung<\/h3>\n\n\n\n<p>Wir beraten Sie vorab (und sp\u00e4ter nat\u00fcrlich auch noch) zu all Ihren Fragen rund um Ihren neuen Internetauftritt. Nat\u00fcrlich v\u00f6llig unverbindlich. Wir versuchen auch nicht, Ihnen auf Teufel komm raus \ud83d\ude42 etwas zu verkaufen. Wenn wir der Meinung sind, ein anderes System ist f\u00fcr Ihre Anspr\u00fcche besser geeignet, sagen wir dies auch.<\/p>\n\n\n\n<h3>Es soll allen Spa\u00df machen<\/h3>\n\n\n\n<p>Das ist uns mit am Wichtigsten, das Leben ist anstrengend genug: Sie sollen Spa\u00df am Entstehen Ihres Internetauftrittes in unser sehr einfach zu bedienendes System und unsere Beratung haben und wir w\u00fcnschen uns Spa\u00df in der Zusammenarbeit mit Ihnen und der Zufriedenstellung Ihrer W\u00fcnsche. Darum haben wir auch nur eine K\u00fcndigungsfrist von 30 Tagen. Denn wenn Sie wirklch keinen Spa\u00df mehr an einer Zusammenarbeit mit uns haben, dann m\u00f6chten wir Ihnen auch keine Steine in den Weg legen.<\/p>\n\n\n\n<h3>\u00dcbersichtliche Bedienung und Funktionen<\/h3>\n\n\n\n<p>Wir wollen Sie nicht mit einem Wirrwarr technischer Begriffe und unz\u00e4hliger Optionen verwirren. Wir haben die Technik f\u00fcr Sie gestaltet, Sie k\u00f6nnen sich um Ihr Tagesgesch\u00e4ft k\u00fcmmern. Funktionen begrenzen wir auf das Wesentliche. Werkzeuge, die Tag f\u00fcr Tag benutzt werden, m\u00fcssen einfach sein. Schnell. Und intuitiv bedienbar, denn Sie haben nicht viel Zeit.<\/p>\n\n\n\n<h3>Professionelle Designs<\/h3>\n\n\n\n<p>Wir unterst\u00fctzen Sie nach vorherigen, ausf\u00fchrlichen Gespr\u00e4chen bei der Suche nach einem geeigneten Design. Und ein professionelles Design muss auch gar nicht teuer sein. Wir kennen, je nach Geldbeutel und Anforderung, viele M\u00f6glichkeiten.<\/p>\n\n\n\n<h3>Keine versteckten Kosten<\/h3>\n\n\n\n<p>In unserem Komplettpreis sind alle Kosten enthalten. Wir haben mit sog. &#8222;Modulen&#8220;. D.h. wir listen Ihnen unsere m\u00f6glichen Leistungen auf und Sie entscheiden dann, was Sie selbst machen m\u00f6chten oder was wir Ihnen abnehmen k\u00f6nnen. Wir arbeiten nicht mit kleinen * oder ** , die so versteckt sind, dass wirklich niemand sie finden kann. Und dann ist der Schock bei Rechnungsstellung gro\u00df. Nageln Sie uns hierauf ruhig fest :-).<\/p>\n\n\n\n<h3>Kompetente telefonische Beratung<\/h3>\n\n\n\n<p>Wir lassen Sie nicht allein. Bei uns gibt es keine \u201cWarteschleife des Grauens\u201d ;-), bei der Sie erst einmal alle Zahlen auf Ihrer Telefontastatur durchklicken m\u00fcssen und dann trotzdem noch minutenlang in der Warteschleife h\u00e4ngen. Bei uns haben Sie immer sofort einen kompetenten Ansprechpartner am Telefon.<\/p>\n\n\n\n<h3>Gespr\u00e4che<\/h3>\n\n\n\n<p>Ihre Verbesserungsvorschl\u00e4ge bringen uns den entscheidenden Schritt voran. Nur Sie wissen wirklich, was Ihnen fehlt.<\/p>\n\n\n\n<p>Diskutieren Sie mit uns, wie es weitergehen soll und beeinflussen Sie die Entwicklung in Ihrem Sinne.<\/p>\n","protected":false},"excerpt":{"rendered":"<p>Wir sehen uns L\u00fccke zwischen den \u201cnormalen\u201d Agenturen (die sich ein kleines Unternehmen oftmals nicht leisten kann), den Internetseiten-Bauk\u00e4sten (die nicht wirklich flexibel sind) und den freiberuflich t\u00e4tigen Webdesigner (die leider im sich immer schnelleren Medium Internet nicht in allen Bereichen Experten-Kenntnisse aufbauen k\u00f6nnen). Wir sind haupts\u00e4chlich f\u00fcr kleine und mittlere Unternehmen, Freiberufler sowie Existenzgr\u00fcnder &#8230; <a title=\"Der Unterschied\" class=\"read-more\" href=\"https:\/\/wordpress.seitenbox.de\/?page_id=22\" aria-label=\"Mehr bei Der Unterschied\">Weiterlesen &#8230;<\/a><\/p>\n","protected":false},"author":1,"featured_media":0,"parent":0,"menu_order":0,"comment_status":"closed","ping_status":"closed","template":"","meta":{"site-sidebar-layout":"default","site-content-layout":"default","ast-global-header-display":"","ast-banner-title-visibility":"","ast-main-header-display":"","ast-hfb-above-header-display":"","ast-hfb-below-header-display":"","ast-hfb-mobile-header-display":"","site-post-title":"","ast-breadcrumbs-content":"","ast-featured-img":"","footer-sml-layout":"","theme-transparent-header-meta":"","adv-header-id-meta":"","stick-header-meta":"","header-above-stick-meta":"","header-main-stick-meta":"","header-below-stick-meta":""},"_links":{"self":[{"href":"https:\/\/wordpress.seitenbox.de\/index.php?rest_route=\/wp\/v2\/pages\/22"}],"collection":[{"href":"https:\/\/wordpress.seitenbox.de\/index.php?rest_route=\/wp\/v2\/pages"}],"about":[{"href":"https:\/\/wordpress.seitenbox.de\/index.php?rest_route=\/wp\/v2\/types\/page"}],"author":[{"embeddable":true,"href":"https:\/\/wordpress.seitenbox.de\/index.php?rest_route=\/wp\/v2\/users\/1"}],"replies":[{"embeddable":true,"href":"https:\/\/wordpress.seitenbox.de\/index.php?rest_route=%2Fwp%2Fv2%2Fcomments&post=22"}],"version-history":[{"count":6,"href":"https:\/\/wordpress.seitenbox.de\/index.php?rest_route=\/wp\/v2\/pages\/22\/revisions"}],"predecessor-version":[{"id":175,"href":"https:\/\/wordpress.seitenbox.de\/index.php?rest_route=\/wp\/v2\/pages\/22\/revisions\/175"}],"wp:attachment":[{"href":"https:\/\/wordpress.seitenbox.de\/index.php?rest_route=%2Fwp%2Fv2%2Fmedia&parent=22"}],"curies":[{"name":"wp","href":"https:\/\/api.w.org\/{rel}","templated":true}]}}