{"id":40,"date":"2019-03-18T12:13:57","date_gmt":"2019-03-18T12:13:57","guid":{"rendered":"https:\/\/wordpress.seitenbox.de\/?page_id=40"},"modified":"2020-11-18T11:42:37","modified_gmt":"2020-11-18T11:42:37","slug":"preise","status":"publish","type":"page","link":"https:\/\/wordpress.seitenbox.de\/?page_id=40","title":{"rendered":"Preise"},"content":{"rendered":"<div id=\"fancy-title-2\" class=\"mk-fancy-text title-box-center \"><strong>Starterpaket oder individuelles Angebot<\/strong><\/div>\n<div class=\"clearboth\"><\/div>\n<div class=\"mk-text-block responsive-align-center \">\n<div><img loading=\"lazy\" class=\"wp-image-6 alignright\" src=\"https:\/\/wordpress.seitenbox.de\/wp-content\/uploads\/2019\/03\/59897cb2-9184-408e-9731-538e7f000038.jpg\" alt=\"\" width=\"400\" height=\"239\" srcset=\"https:\/\/wordpress.seitenbox.de\/wp-content\/uploads\/2019\/03\/59897cb2-9184-408e-9731-538e7f000038.jpg 914w, https:\/\/wordpress.seitenbox.de\/wp-content\/uploads\/2019\/03\/59897cb2-9184-408e-9731-538e7f000038-600x358.jpg 600w, https:\/\/wordpress.seitenbox.de\/wp-content\/uploads\/2019\/03\/59897cb2-9184-408e-9731-538e7f000038-300x179.jpg 300w, https:\/\/wordpress.seitenbox.de\/wp-content\/uploads\/2019\/03\/59897cb2-9184-408e-9731-538e7f000038-768x459.jpg 768w\" sizes=\"(max-width: 400px) 100vw, 400px\" \/>An dieser Stelle k\u00f6nnen wir Ihnen einen verbindlichen Pauschalpreis f\u00fcr unser Starter-Paket nennen. Die Preise unserer individuellen L\u00f6sungen sind abh\u00e4ngig von den Anforderungen Ihres Projektes.<\/div>\n<div><\/div>\n<div>Es flie\u00dfen eine Reihe von Faktoren wie Umfang, Design und Funktion in die Kalkulation ein, sodass sich ohne ein Vorgespr\u00e4ch kein Pauschalpreis nennen l\u00e4sst.<\/div>\n<div><\/div>\n<div>Egal f\u00fcr welches Paket Sie sich entscheiden\u00a0\u2013 Nach einer\u00a0kostenlosen Erstberatung\u00a0unterbreiten wir\u00a0Ihnen gerne ein verbindliches <strong>Festpreisangebot <\/strong>.<\/div>\n<div><\/div>\n<div><strong>Unser Packet Starter f\u00fcr \u20ac 599,-\u00a0 beinhaltet folgende Features:<\/strong><\/div>\n<div>bis zu 6 Seiten inkl. einpflegen der Inhalte\/Bilder<\/div>\n<div>1 Bildgalerie<\/div>\n<div>Hosting auf unseren Servern<\/div>\n<div>Einrichten oder \u00dcbernahme der Domain<\/div>\n<div>SSL Verschl\u00fcsselung<\/div>\n<div>Einrichten bis zu 3 Mailadressen<\/div>\n<div>Einweisung in das CMS zur eigenst\u00e4ndigen Bearbeitung Ihrer Inhalte<\/div>\n<div>Telefonsupport 0800 0000432 (kostenfrei)<\/div>\n<div>+Hosting und Support 14,99 \u20ac\u00a0 Monat (wird j\u00e4hrlich abgerechnet &#8211; jederzeit k\u00fcndbar &#8211; 1. Jahr kostenlos)<\/div>\n<div>\n<hr \/>\n<\/div>\n<\/div>\n<p><strong>Weitere Preisangaben zu unseren Komplettpaketen finden Sie im <a href=\"https:\/\/wordpress.seitenbox.de\/?page_id=121\">Shop<\/a>.<\/strong><\/p>\n<hr \/>\n<p>&nbsp;<\/p>\n<p><!-- \/wp:html --><\/p>\n","protected":false},"excerpt":{"rendered":"<p>Starterpaket oder individuelles Angebot An dieser Stelle k\u00f6nnen wir Ihnen einen verbindlichen Pauschalpreis f\u00fcr unser Starter-Paket nennen. Die Preise unserer individuellen L\u00f6sungen sind abh\u00e4ngig von den Anforderungen Ihres Projektes. Es flie\u00dfen eine Reihe von Faktoren wie Umfang, Design und Funktion in die Kalkulation ein, sodass sich ohne ein Vorgespr\u00e4ch kein Pauschalpreis nennen l\u00e4sst. Egal f\u00fcr &#8230; <a title=\"Preise\" class=\"read-more\" href=\"https:\/\/wordpress.seitenbox.de\/?page_id=40\" aria-label=\"Mehr bei Preise\">Weiterlesen &#8230;<\/a><\/p>\n","protected":false},"author":1,"featured_media":0,"parent":0,"menu_order":0,"comment_status":"closed","ping_status":"closed","template":"","meta":{"site-sidebar-layout":"default","site-content-layout":"default","ast-global-header-display":"","ast-banner-title-visibility":"","ast-main-header-display":"","ast-hfb-above-header-display":"","ast-hfb-below-header-display":"","ast-hfb-mobile-header-display":"","site-post-title":"","ast-breadcrumbs-content":"","ast-featured-img":"","footer-sml-layout":"","theme-transparent-header-meta":"default","adv-header-id-meta":"","stick-header-meta":"default","header-above-stick-meta":"","header-main-stick-meta":"","header-below-stick-meta":""},"_links":{"self":[{"href":"https:\/\/wordpress.seitenbox.de\/index.php?rest_route=\/wp\/v2\/pages\/40"}],"collection":[{"href":"https:\/\/wordpress.seitenbox.de\/index.php?rest_route=\/wp\/v2\/pages"}],"about":[{"href":"https:\/\/wordpress.seitenbox.de\/index.php?rest_route=\/wp\/v2\/types\/page"}],"author":[{"embeddable":true,"href":"https:\/\/wordpress.seitenbox.de\/index.php?rest_route=\/wp\/v2\/users\/1"}],"replies":[{"embeddable":true,"href":"https:\/\/wordpress.seitenbox.de\/index.php?rest_route=%2Fwp%2Fv2%2Fcomments&post=40"}],"version-history":[{"count":11,"href":"https:\/\/wordpress.seitenbox.de\/index.php?rest_route=\/wp\/v2\/pages\/40\/revisions"}],"predecessor-version":[{"id":338,"href":"https:\/\/wordpress.seitenbox.de\/index.php?rest_route=\/wp\/v2\/pages\/40\/revisions\/338"}],"wp:attachment":[{"href":"https:\/\/wordpress.seitenbox.de\/index.php?rest_route=%2Fwp%2Fv2%2Fmedia&parent=40"}],"curies":[{"name":"wp","href":"https:\/\/api.w.org\/{rel}","templated":true}]}}