{"id":127,"date":"2019-04-02T10:13:56","date_gmt":"2019-04-02T10:13:56","guid":{"rendered":"https:\/\/wordpress.seitenbox.de\/?post_type=product&#038;p=127"},"modified":"2020-10-30T13:01:28","modified_gmt":"2020-10-30T13:01:28","slug":"website-start","status":"publish","type":"product","link":"https:\/\/wordpress.seitenbox.de\/?product=website-start","title":{"rendered":"Website Start"},"content":{"rendered":"<p>Domain<br \/>\n3 Mailadressen<br \/>\n6 Seiten\/Unterseiten<br \/>\nKontaktformular<br \/>\nBildgalerie<br \/>\nG\u00e4stebuch<\/p>\n<p><strong>Standartm\u00e4\u00dfig mit folgenden Features:<\/strong><\/p>\n<ul>\n<li>ger\u00fcstet f\u00fcr alle Endger\u00e4te und Google optimiert durch responsive WebDesign<\/li>\n<li>sichere Daten\u00fcbertragung durch SSL Verschl\u00fcsselung (https:\/\/)<\/li>\n<li>kostenlose Telefonhotline.<strong><br \/>\n<\/strong><\/li>\n<\/ul>\n<p><strong> telefonischer Support kostenfrei unter 0800 0000423<\/strong><\/p>\n","protected":false},"excerpt":{"rendered":"<p>Domain<br \/>\n3 Mailadressen<br \/>\n6 Seiten\/Unterseiten<br \/>\nKontaktformular<br \/>\nBildgalerie<br \/>\nG\u00e4stebuch<\/p>\n<p><strong>Standartm\u00e4\u00dfig mit folgenden Features:<\/strong><\/p>\n<ul>\n<li>ger\u00fcstet f\u00fcr alle Endger\u00e4te und Google optimiert durch responsive WebDesign<\/li>\n<li>sichere Daten\u00fcbertragung durch SSL Verschl\u00fcsselung (https:\/\/)<\/li>\n<li>kostenlose Telefonhotline.<strong><br \/>\n<\/strong><\/li>\n<\/ul>\n<p><strong> telefonischer Support kostenfrei unter 0800 0000423<\/strong><\/p>\n","protected":false},"featured_media":6,"comment_status":"open","ping_status":"closed","template":"","meta":{"site-sidebar-layout":"default","site-content-layout":"default","ast-global-header-display":"","ast-banner-title-visibility":"","ast-main-header-display":"","ast-hfb-above-header-display":"","ast-hfb-below-header-display":"","ast-hfb-mobile-header-display":"","site-post-title":"","ast-breadcrumbs-content":"","ast-featured-img":"","footer-sml-layout":"","theme-transparent-header-meta":"","adv-header-id-meta":"","stick-header-meta":"","header-above-stick-meta":"","header-main-stick-meta":"","header-below-stick-meta":""},"_links":{"self":[{"href":"https:\/\/wordpress.seitenbox.de\/index.php?rest_route=\/wp\/v2\/product\/127"}],"collection":[{"href":"https:\/\/wordpress.seitenbox.de\/index.php?rest_route=\/wp\/v2\/product"}],"about":[{"href":"https:\/\/wordpress.seitenbox.de\/index.php?rest_route=\/wp\/v2\/types\/product"}],"replies":[{"embeddable":true,"href":"https:\/\/wordpress.seitenbox.de\/index.php?rest_route=%2Fwp%2Fv2%2Fcomments&post=127"}],"wp:featuredmedia":[{"embeddable":true,"href":"https:\/\/wordpress.seitenbox.de\/index.php?rest_route=\/wp\/v2\/media\/6"}],"wp:attachment":[{"href":"https:\/\/wordpress.seitenbox.de\/index.php?rest_route=%2Fwp%2Fv2%2Fmedia&parent=127"}],"curies":[{"name":"wp","href":"https:\/\/api.w.org\/{rel}","templated":true}]}}